{"id":251,"date":"2024-05-23T09:52:28","date_gmt":"2024-05-23T06:52:28","guid":{"rendered":"https:\/\/sisu.ut.ee\/iarep2025tartu\/iarep-2025-konverents-kaitumisalased-teadmised-teadusuuringutes-ja-poliitikakujundamises\/"},"modified":"2025-03-05T14:07:17","modified_gmt":"2025-03-05T12:07:17","slug":"iarep-2025-konverents-kaitumisalased-teadmised-teadusuuringutes-ja-poliitikakujundamises","status":"publish","type":"page","link":"https:\/\/iarep2025tartu.com\/et\/","title":{"rendered":"IAREP 2025 konverents &#8220;K\u00e4itumuslikud taipamised teadusuuringutes ja poliitikakujundamises&#8221;"},"content":{"rendered":"<p class=\"has-extra-small-font-size\"><\/p>\n\n\n\n<p class=\"has-text-align-center\"><strong>17. \u2013 20. juuni 2025<\/strong><\/p>\n\n\n\n<p class=\"has-text-align-center\"><strong>Tartu<\/strong><\/p>\n\n\n\n<p>Ajal, mil Tartu linn on t\u00e4is rohelust ja nooruslikku eluj\u00f5udu, kutsume teadlasi, poliitikakujundajaid ja k\u00e4itumisteaduste rakendajaid Tartu \u00dclikooli ja rahvusvahelise majandusps\u00fchholoogia assotsiatsiooni (International Association for Research in Economic Psychology, IAREP) korraldatud konverentsile. Nelja p\u00e4eva jooksul on osalejatel v\u00f5imalus jagada v\u00e4rskeimaid teoreetilisi ja praktilisi arusaamu paljudes valdkondades, nagu n\u00e4iteks keskkonna-, tervise kui ka finantsk\u00e4itumises.\u00a0\u00a0<\/p>\n\n\n\n<p>49. IAREP-i konverentsil on<\/p>\n\n\n\n<ul class=\"wp-block-list\">\n<li>silmapaistvad peaesinejad:<ul><li>Warwicki \u00dclikooli professor, Tartu \u00dclikooli k\u00fclalisprofessor<strong> Anu Realo<\/strong>,<\/li><\/ul><ul><li>Londoni Majandus- ja Politoloogiakooli ps\u00fchholoogia- ja k\u00e4itumisteaduste osakonna professor ja juhataja<strong> Liam Delaney<\/strong>,<\/li><\/ul><ul><li>\u00dchendkuningriigi organisatsiooni Behavioural Insights Team innovatsiooni ja partnerluse juht<strong> Elisabeth Costa<\/strong> ja<\/li><\/ul>\n<ul class=\"wp-block-list\">\n<li>Tartu \u00dclikooli arvutusliku neuroteaduse ja tehisintellekti kaasprofessor<strong> Jaan Aru<\/strong>;<\/li>\n<\/ul>\n<\/li>\n\n\n\n<li>teemasessioonid ja ettekanded k\u00e4itumisteadlastelt ja k\u00e4itumisteaduste rakendajatelt \u00fcle maailma;<\/li>\n\n\n\n<li>akadeemilist karj\u00e4\u00e4ri alustavate teadlaste t\u00f6\u00f6tuba ja posteresitlused;<\/li>\n\n\n\n<li>meelelahutusprogramm kolmel \u00f5htul, sealhulgas vastuv\u00f5tt \u00fclikooli muuseumis, j\u00f5ekruiis lodjal ja \u00f5htus\u00f6\u00f6k AHHAA teaduskeskuses.<\/li>\n<\/ul>\n\n\n\n<p><\/p>\n\n\n\n<p>Registreerimine ning teeside ja sessioonide ettepanekute esitamine on l\u00f5ppenud!<\/p>\n\n\n\n<p>Lisainfo:<\/p>\n\n\n\n<ul class=\"wp-block-list\">\n<li><a href=\"https:\/\/iarep2025tartu.com\/programme\/\">Konverentsi programm<\/a><\/li>\n\n\n\n<li><a href=\"https:\/\/iarep2025tartu.com\/conference-registration\/\">Registreerimine<\/a><\/li>\n<\/ul>\n\n\n\n<p><\/p>\n\n\n\n<p><em>Meie koost\u00f6\u00f6partnerid:<\/em><\/p>\n\n\n\n<div class=\"wp-block-media-text is-stacked-on-mobile\" style=\"grid-template-columns:35% auto\"><figure class=\"wp-block-media-text__media\"><img loading=\"lazy\" decoding=\"async\" width=\"1024\" height=\"171\" src=\"https:\/\/sisu.ut.ee\/wp-content\/uploads\/sites\/713\/\/sotsiaalteaduste-valdkond_est_sinine-1024x171.png\" alt=\"\" class=\"wp-image-368 size-full\" srcset=\"https:\/\/sisu.ut.ee\/wp-content\/uploads\/sites\/713\/sotsiaalteaduste-valdkond_est_sinine-1024x171.png 1024w, https:\/\/sisu.ut.ee\/wp-content\/uploads\/sites\/713\/sotsiaalteaduste-valdkond_est_sinine-300x50.png 300w, https:\/\/sisu.ut.ee\/wp-content\/uploads\/sites\/713\/sotsiaalteaduste-valdkond_est_sinine-768x128.png 768w, https:\/\/sisu.ut.ee\/wp-content\/uploads\/sites\/713\/sotsiaalteaduste-valdkond_est_sinine-1536x257.png 1536w, https:\/\/sisu.ut.ee\/wp-content\/uploads\/sites\/713\/sotsiaalteaduste-valdkond_est_sinine-2048x342.png 2048w, https:\/\/sisu.ut.ee\/wp-content\/uploads\/sites\/713\/sotsiaalteaduste-valdkond_est_sinine-1920x321.png 1920w\" sizes=\"auto, (max-width: 1024px) 100vw, 1024px\"><\/figure><div class=\"wp-block-media-text__content\">\n<p><\/p>\n\n\n\n<div class=\"wp-block-media-text is-stacked-on-mobile\" style=\"grid-template-columns:42% auto\"><figure class=\"wp-block-media-text__media\"><img loading=\"lazy\" decoding=\"async\" width=\"1024\" height=\"434\" src=\"https:\/\/sisu.ut.ee\/wp-content\/uploads\/sites\/713\/\/Tartu-logo-color_RGB-1-1024x434.png\" alt=\"\" class=\"wp-image-451 size-full\" srcset=\"https:\/\/sisu.ut.ee\/wp-content\/uploads\/sites\/713\/Tartu-logo-color_RGB-1-1024x434.png 1024w, https:\/\/sisu.ut.ee\/wp-content\/uploads\/sites\/713\/Tartu-logo-color_RGB-1-300x127.png 300w, https:\/\/sisu.ut.ee\/wp-content\/uploads\/sites\/713\/Tartu-logo-color_RGB-1-768x326.png 768w, https:\/\/sisu.ut.ee\/wp-content\/uploads\/sites\/713\/Tartu-logo-color_RGB-1-1536x651.png 1536w, https:\/\/sisu.ut.ee\/wp-content\/uploads\/sites\/713\/Tartu-logo-color_RGB-1-2048x868.png 2048w, https:\/\/sisu.ut.ee\/wp-content\/uploads\/sites\/713\/Tartu-logo-color_RGB-1-1920x814.png 1920w\" sizes=\"auto, (max-width: 1024px) 100vw, 1024px\"><\/figure><div class=\"wp-block-media-text__content\">\n<p><\/p>\n\n\n\n<figure class=\"wp-block-image size-large is-resized\"><img loading=\"lazy\" decoding=\"async\" width=\"1024\" height=\"398\" src=\"https:\/\/sisu.ut.ee\/wp-content\/uploads\/sites\/713\/\/Erstestiftung_Logo_RGB-5-1024x398.jpg\" alt=\"\" class=\"wp-image-484\" style=\"width:317px;height:auto\" srcset=\"https:\/\/sisu.ut.ee\/wp-content\/uploads\/sites\/713\/Erstestiftung_Logo_RGB-5-1024x398.jpg 1024w, https:\/\/sisu.ut.ee\/wp-content\/uploads\/sites\/713\/Erstestiftung_Logo_RGB-5-300x117.jpg 300w, https:\/\/sisu.ut.ee\/wp-content\/uploads\/sites\/713\/Erstestiftung_Logo_RGB-5-768x299.jpg 768w, https:\/\/sisu.ut.ee\/wp-content\/uploads\/sites\/713\/Erstestiftung_Logo_RGB-5-1536x597.jpg 1536w, https:\/\/sisu.ut.ee\/wp-content\/uploads\/sites\/713\/Erstestiftung_Logo_RGB-5-2048x796.jpg 2048w, https:\/\/sisu.ut.ee\/wp-content\/uploads\/sites\/713\/Erstestiftung_Logo_RGB-5-1920x747.jpg 1920w\" sizes=\"auto, (max-width: 1024px) 100vw, 1024px\"><\/figure>\n<\/div><\/div>\n<\/div><\/div>\n","protected":false},"excerpt":{"rendered":"<p>17. \u2013 20. juuni 2025 Tartu Ajal, mil Tartu linn on t\u00e4is rohelust ja nooruslikku eluj\u00f5udu, kutsume teadlasi, poliitikakujundajaid ja k\u00e4itumisteaduste rakendajaid Tartu \u00dclikooli ja rahvusvahelise majandusps\u00fchholoogia assotsiatsiooni (International Association for Research in Economic Psychology, IAREP) korraldatud konverentsile. Nelja p\u00e4eva &#8230;<\/p>\n","protected":false},"author":512,"featured_media":231,"parent":0,"menu_order":-1,"comment_status":"closed","ping_status":"closed","template":"","meta":{"_acf_changed":false,"inline_featured_image":false,"footnotes":""},"class_list":["post-251","page","type-page","status-publish","has-post-thumbnail","hentry"],"acf":[],"_links":{"self":[{"href":"https:\/\/iarep2025tartu.com\/et\/wp-json\/wp\/v2\/pages\/251","targetHints":{"allow":["GET"]}}],"collection":[{"href":"https:\/\/iarep2025tartu.com\/et\/wp-json\/wp\/v2\/pages"}],"about":[{"href":"https:\/\/iarep2025tartu.com\/et\/wp-json\/wp\/v2\/types\/page"}],"author":[{"embeddable":true,"href":"https:\/\/iarep2025tartu.com\/et\/wp-json\/wp\/v2\/users\/512"}],"replies":[{"embeddable":true,"href":"https:\/\/iarep2025tartu.com\/et\/wp-json\/wp\/v2\/comments?post=251"}],"version-history":[{"count":13,"href":"https:\/\/iarep2025tartu.com\/et\/wp-json\/wp\/v2\/pages\/251\/revisions"}],"predecessor-version":[{"id":492,"href":"https:\/\/iarep2025tartu.com\/et\/wp-json\/wp\/v2\/pages\/251\/revisions\/492"}],"wp:featuredmedia":[{"embeddable":true,"href":"https:\/\/iarep2025tartu.com\/et\/wp-json\/wp\/v2\/media\/231"}],"wp:attachment":[{"href":"https:\/\/iarep2025tartu.com\/et\/wp-json\/wp\/v2\/media?parent=251"}],"curies":[{"name":"wp","href":"https:\/\/api.w.org\/{rel}","templated":true}]}}